{"id":249,"date":"2019-11-27T08:15:20","date_gmt":"2019-11-27T08:15:20","guid":{"rendered":"http:\/\/wamssler.de\/?page_id=249"},"modified":"2022-10-31T10:56:05","modified_gmt":"2022-10-31T10:56:05","slug":"impressum","status":"publish","type":"page","link":"https:\/\/wamssler.de\/en\/impressum\/","title":{"rendered":"Imprint"},"content":{"rendered":"<div data-elementor-type=\"wp-page\" data-elementor-id=\"249\" class=\"elementor elementor-249\">\n\t\t\t\t\t\t<section class=\"elementor-section elementor-top-section elementor-element elementor-element-2f2ab27 elementor-section-boxed elementor-section-height-default elementor-section-height-default\" data-id=\"2f2ab27\" data-element_type=\"section\" data-e-type=\"section\">\n\t\t\t\t\t\t<div class=\"elementor-container elementor-column-gap-default\">\n\t\t\t\t\t<div class=\"elementor-column elementor-col-100 elementor-top-column elementor-element elementor-element-ebad236\" data-id=\"ebad236\" data-element_type=\"column\" data-e-type=\"column\">\n\t\t\t<div class=\"elementor-widget-wrap elementor-element-populated\">\n\t\t\t\t\t\t<div class=\"elementor-element elementor-element-75e2386 elementor-widget elementor-widget-heading\" data-id=\"75e2386\" data-element_type=\"widget\" data-e-type=\"widget\" data-widget_type=\"heading.default\">\n\t\t\t\t<div class=\"elementor-widget-container\">\n\t\t\t\t\t<h2 class=\"elementor-heading-title elementor-size-default\">IMPRESSUM<\/h2>\t\t\t\t<\/div>\n\t\t\t\t<\/div>\n\t\t\t\t\t<\/div>\n\t\t<\/div>\n\t\t\t\t\t<\/div>\n\t\t<\/section>\n\t\t\t\t<section class=\"elementor-section elementor-top-section elementor-element elementor-element-4ba5033 elementor-section-boxed elementor-section-height-default elementor-section-height-default\" data-id=\"4ba5033\" data-element_type=\"section\" data-e-type=\"section\">\n\t\t\t\t\t\t<div class=\"elementor-container elementor-column-gap-default\">\n\t\t\t\t\t<div class=\"elementor-column elementor-col-100 elementor-top-column elementor-element elementor-element-6b11ad3\" data-id=\"6b11ad3\" data-element_type=\"column\" data-e-type=\"column\">\n\t\t\t<div class=\"elementor-widget-wrap elementor-element-populated\">\n\t\t\t\t\t\t<div class=\"elementor-element elementor-element-1e785b3 elementor-widget elementor-widget-text-editor\" data-id=\"1e785b3\" data-element_type=\"widget\" data-e-type=\"widget\" data-widget_type=\"text-editor.default\">\n\t\t\t\t<div class=\"elementor-widget-container\">\n\t\t\t\t\t\t\t\t\t<h6><span style=\"color: #f5f5f5;\">Jens Achim Wam\u00dfler<\/span><br \/><span style=\"color: #f5f5f5;\">Privat Kellerei Wamssler<\/span><br \/><span style=\"color: #f5f5f5;\">Am Zimmerplatz 23<\/span><br \/><span style=\"color: #f5f5f5;\">75038 Oberderdingen-Flehingen<\/span><\/h6><h6><span style=\"color: #f5f5f5;\">Telefon: 07258 5481650<\/span><br \/><span style=\"color: #f5f5f5;\">E-Mail:<\/span> <span style=\"color: #c0ac81;\"><a style=\"color: #c0ac81;\" href=\"mailto:info@wamssler.de\">info@wamssler.de<\/a><\/span><\/h6><h6><span style=\"color: #f5f5f5;\">Umsatzsteuer-Identifikationsnummer nach \u00a727a Umsatzsteuergesetz:<\/span><br \/><span style=\"color: #f5f5f5;\">Umsatzsteuer-ID: DE249786896<\/span><\/h6><h4>\u00a0<\/h4><h4><span style=\"color: #f5f5f5;\">Hinweis gem\u00e4\u00df Online-Streitbeilegungs-Verordnung<\/span><\/h4><h6><span style=\"color: #f5f5f5;\">Nach geltendem Recht sind wir verpflichtet, Verbraucher auf die Existenz der Europ\u00e4ischen Online-Streitbeilegungs-Plattform hinzuweisen, die f\u00fcr die Beilegung von Streitigkeiten genutzt werden kann, ohne dass ein Gericht eingeschaltet werden muss. F\u00fcr die Einrichtung der Plattform ist die Europ\u00e4ische Kommission zust\u00e4ndig. Die Europ\u00e4ische Online-Streitbeilegungs-Plattform ist hier zu finden:<\/span> <a href=\"http:\/\/ec.europa.eu\/odr\" target=\"_blank\" rel=\"nofollow noopener\"><span style=\"color: #c0ac81;\">http:\/\/ec.europa.eu\/odr<\/span><\/a><span style=\"color: #c0ac81;\">.<\/span> <span style=\"color: #f5f5f5;\">Unsere E-Mail lautet:<\/span> <a href=\"mailto:info@wamssler.de\"><span style=\"color: #c0ac81;\">info@wamssler.de<\/span><\/a><\/h6><h6><span style=\"color: #f5f5f5;\">Wir weisen aber darauf hin, dass wir nicht bereit sind, uns am Streitbeilegungsverfahren im Rahmen der Europ\u00e4ischen Online-Streitbeilegungs-Plattform zu beteiligen. Nutzen Sie zur Kontaktaufnahme bitte unsere obige E-Mail und Telefonnummer.<\/span><\/h6><h4><span style=\"color: #f5f5f5;\">Disclaimer \u2013 rechtliche Hinweise<\/span><\/h4><h6><span style=\"color: #f5f5f5;\">\u00a7 1 Warnhinweis zu Inhalten<\/span><br \/><span style=\"color: #f5f5f5;\">Die kostenlosen und frei zug\u00e4nglichen Inhalte dieser Webseite wurden mit gr\u00f6\u00dftm\u00f6glicher Sorgfalt erstellt. Der Anbieter dieser Webseite \u00fcbernimmt jedoch keine Gew\u00e4hr f\u00fcr die Richtigkeit und Aktualit\u00e4t der bereitgestellten kostenlosen und frei zug\u00e4nglichen journalistischen Ratgeber und Nachrichten. Namentlich gekennzeichnete Beitr\u00e4ge geben die Meinung des jeweiligen Autors und nicht immer die Meinung des Anbieters wieder. Allein durch den Aufruf der kostenlosen und frei zug\u00e4nglichen Inhalte kommt keinerlei Vertragsverh\u00e4ltnis zwischen dem Nutzer und dem Anbieter zustande, insoweit fehlt es am Rechtsbindungswillen des Anbieters.<\/span><\/h6><h6><span style=\"color: #f5f5f5;\">\u00a7 2 Externe Links<\/span><\/h6><h6><span style=\"color: #f5f5f5;\">Diese Website enth\u00e4lt Verkn\u00fcpfungen zu Websites Dritter (&#8222;externe Links&#8220;). Diese Websites unterliegen der Haftung der jeweiligen Betreiber. Der Anbieter hat bei der erstmaligen Verkn\u00fcpfung der externen Links die fremden Inhalte daraufhin \u00fcberpr\u00fcft, ob etwaige Rechtsverst\u00f6\u00dfe bestehen. Zu dem Zeitpunkt waren keine Rechtsverst\u00f6\u00dfe ersichtlich. Der Anbieter hat keinerlei Einfluss auf die aktuelle und zuk\u00fcnftige Gestaltung und auf die Inhalte der verkn\u00fcpften Seiten. Das Setzen von externen Links bedeutet nicht, dass sich der Anbieter die hinter dem Verweis oder Link liegenden Inhalte zu Eigen macht. Eine st\u00e4ndige Kontrolle der externen Links ist f\u00fcr den Anbieter ohne konkrete Hinweise auf Rechtsverst\u00f6\u00dfe nicht zumutbar. Bei Kenntnis von Rechtsverst\u00f6\u00dfen werden jedoch derartige externe Links unverz\u00fcglich gel\u00f6scht.<\/span><\/h6><h6><span style=\"color: #f5f5f5;\">\u00a7 3 Urheber- und Leistungsschutzrechte<\/span><\/h6><h6><span style=\"color: #f5f5f5;\">Die auf dieser Website ver\u00f6ffentlichten Inhalte unterliegen dem deutschen Urheber- und Leistungsschutzrecht. Jede vom deutschen Urheber- und Leistungsschutzrecht nicht zugelassene Verwertung bedarf der vorherigen schriftlichen Zustimmung des Anbieters oder jeweiligen Rechteinhabers. Dies gilt insbesondere f\u00fcr Vervielf\u00e4ltigung, Bearbeitung, \u00dcbersetzung, Einspeicherung, Verarbeitung bzw. Wiedergabe von Inhalten in Datenbanken oder anderen elektronischen Medien und Systemen. Inhalte und Rechte Dritter sind dabei als solche gekennzeichnet. Die unerlaubte Vervielf\u00e4ltigung oder Weitergabe einzelner Inhalte oder kompletter Seiten ist nicht gestattet und strafbar. Lediglich die Herstellung von Kopien und Downloads f\u00fcr den pers\u00f6nlichen, privaten und nicht kommerziellen Gebrauch ist erlaubt.<\/span><\/h6><h6><span style=\"color: #f5f5f5;\">Die Darstellung dieser Website in fremden Frames ist nur mit schriftlicher Erlaubnis zul\u00e4ssig.<\/span><\/h6><h6><span style=\"color: #f5f5f5;\">\u00a7 4 Besondere Nutzungsbedingungen<\/span><\/h6><h6><span style=\"color: #f5f5f5;\">Soweit besondere Bedingungen f\u00fcr einzelne Nutzungen dieser Website von den vorgenannten Paragraphen abweichen, wird an entsprechender Stelle ausdr\u00fccklich darauf hingewiesen. In diesem Falle gelten im jeweiligen Einzelfall die besonderen Nutzungsbedingungen.<\/span><\/h6><h6><span style=\"color: #f5f5f5;\">Quelle:<\/span> <span style=\"color: #c0ac81;\"><a style=\"color: #c0ac81;\" href=\"https:\/\/www.juraforum.de\/impressum-generator\/\">Impressum von JuraForum.de<\/a><\/span><\/h6><div id=\"s3gt_translate_tooltip_mini\" class=\"s3gt_translate_tooltip_mini_box\" style=\"background: initial !important; border: initial !important; border-radius: initial !important; border-spacing: initial !important; border-collapse: initial !important; direction: ltr !important; flex-direction: initial !important; font-weight: initial !important; height: initial !important; letter-spacing: initial !important; min-width: initial !important; max-width: initial !important; min-height: initial !important; max-height: initial !important; margin: auto !important; outline: initial !important; padding: initial !important; position: absolute; table-layout: initial !important; text-align: initial !important; text-shadow: initial !important; width: initial !important; word-break: initial !important; word-spacing: initial !important; overflow-wrap: initial !important; box-sizing: initial !important; display: initial !important; color: inherit !important; font-size: 13px !important; font-family: X-LocaleSpecific, sans-serif, Tahoma, Helvetica !important; line-height: 13px !important; vertical-align: top !important; white-space: inherit !important; left: 97px; top: 709px; opacity: 0.3;\"><div id=\"s3gt_translate_tooltip_mini_logo\" class=\"s3gt_translate_tooltip_mini\" title=\"Translate selected text\">\u00a0<\/div><div id=\"s3gt_translate_tooltip_mini_sound\" class=\"s3gt_translate_tooltip_mini\" title=\"Play\">\u00a0<\/div><div id=\"s3gt_translate_tooltip_mini_copy\" class=\"s3gt_translate_tooltip_mini\" title=\"Copy text to Clipboard\">\u00a0<\/div><\/div>\t\t\t\t\t\t\t\t<\/div>\n\t\t\t\t<\/div>\n\t\t\t\t\t<\/div>\n\t\t<\/div>\n\t\t\t\t\t<\/div>\n\t\t<\/section>\n\t\t\t\t<\/div>","protected":false},"excerpt":{"rendered":"<p>IMPRESSUM Jens Achim Wam\u00dflerPrivat Kellerei WamsslerAm Zimmerplatz 2375038 Oberderdingen-Flehingen Telefon: 07258 5481650E-Mail: info@wamssler.de Umsatzsteuer-Identifikationsnummer nach \u00a727a Umsatzsteuergesetz:Umsatzsteuer-ID: DE249786896 \u00a0 Hinweis gem\u00e4\u00df Online-Streitbeilegungs-Verordnung Nach geltendem Recht sind wir verpflichtet, Verbraucher auf die Existenz der Europ\u00e4ischen Online-Streitbeilegungs-Plattform hinzuweisen, die f\u00fcr die Beilegung von Streitigkeiten genutzt werden kann, ohne dass ein Gericht eingeschaltet werden muss. F\u00fcr die Einrichtung [&hellip;]<\/p>\n","protected":false},"author":1,"featured_media":0,"parent":0,"menu_order":0,"comment_status":"closed","ping_status":"closed","template":"","meta":{"ocean_post_layout":"","ocean_both_sidebars_style":"","ocean_both_sidebars_content_width":0,"ocean_both_sidebars_sidebars_width":0,"ocean_sidebar":"0","ocean_second_sidebar":"0","ocean_disable_margins":"enable","ocean_add_body_class":"","ocean_shortcode_before_top_bar":"","ocean_shortcode_after_top_bar":"","ocean_shortcode_before_header":"","ocean_shortcode_after_header":"","ocean_has_shortcode":"","ocean_shortcode_after_title":"","ocean_shortcode_before_footer_widgets":"","ocean_shortcode_after_footer_widgets":"","ocean_shortcode_before_footer_bottom":"","ocean_shortcode_after_footer_bottom":"","ocean_display_top_bar":"default","ocean_display_header":"default","ocean_header_style":"","ocean_center_header_left_menu":"0","ocean_custom_header_template":"0","ocean_custom_logo":0,"ocean_custom_retina_logo":0,"ocean_custom_logo_max_width":0,"ocean_custom_logo_tablet_max_width":0,"ocean_custom_logo_mobile_max_width":0,"ocean_custom_logo_max_height":0,"ocean_custom_logo_tablet_max_height":0,"ocean_custom_logo_mobile_max_height":0,"ocean_header_custom_menu":"0","ocean_menu_typo_font_family":"0","ocean_menu_typo_font_subset":"","ocean_menu_typo_font_size":0,"ocean_menu_typo_font_size_tablet":0,"ocean_menu_typo_font_size_mobile":0,"ocean_menu_typo_font_size_unit":"px","ocean_menu_typo_font_weight":"","ocean_menu_typo_font_weight_tablet":"","ocean_menu_typo_font_weight_mobile":"","ocean_menu_typo_transform":"","ocean_menu_typo_transform_tablet":"","ocean_menu_typo_transform_mobile":"","ocean_menu_typo_line_height":0,"ocean_menu_typo_line_height_tablet":0,"ocean_menu_typo_line_height_mobile":0,"ocean_menu_typo_line_height_unit":"","ocean_menu_typo_spacing":0,"ocean_menu_typo_spacing_tablet":0,"ocean_menu_typo_spacing_mobile":0,"ocean_menu_typo_spacing_unit":"","ocean_menu_link_color":"","ocean_menu_link_color_hover":"","ocean_menu_link_color_active":"","ocean_menu_link_background":"","ocean_menu_link_hover_background":"","ocean_menu_link_active_background":"","ocean_menu_social_links_bg":"","ocean_menu_social_hover_links_bg":"","ocean_menu_social_links_color":"","ocean_menu_social_hover_links_color":"","ocean_disable_title":"on","ocean_disable_heading":"default","ocean_post_title":"","ocean_post_subheading":"","ocean_post_title_style":"","ocean_post_title_background_color":"","ocean_post_title_background":0,"ocean_post_title_bg_image_position":"","ocean_post_title_bg_image_attachment":"","ocean_post_title_bg_image_repeat":"","ocean_post_title_bg_image_size":"","ocean_post_title_height":0,"ocean_post_title_bg_overlay":0.5,"ocean_post_title_bg_overlay_color":"","ocean_disable_breadcrumbs":"default","ocean_breadcrumbs_color":"","ocean_breadcrumbs_separator_color":"","ocean_breadcrumbs_links_color":"","ocean_breadcrumbs_links_hover_color":"","ocean_display_footer_widgets":"default","ocean_display_footer_bottom":"default","ocean_custom_footer_template":"0","footnotes":""},"class_list":["post-249","page","type-page","status-publish","hentry","entry"],"_links":{"self":[{"href":"https:\/\/wamssler.de\/en\/wp-json\/wp\/v2\/pages\/249","targetHints":{"allow":["GET"]}}],"collection":[{"href":"https:\/\/wamssler.de\/en\/wp-json\/wp\/v2\/pages"}],"about":[{"href":"https:\/\/wamssler.de\/en\/wp-json\/wp\/v2\/types\/page"}],"author":[{"embeddable":true,"href":"https:\/\/wamssler.de\/en\/wp-json\/wp\/v2\/users\/1"}],"replies":[{"embeddable":true,"href":"https:\/\/wamssler.de\/en\/wp-json\/wp\/v2\/comments?post=249"}],"version-history":[{"count":35,"href":"https:\/\/wamssler.de\/en\/wp-json\/wp\/v2\/pages\/249\/revisions"}],"predecessor-version":[{"id":1030,"href":"https:\/\/wamssler.de\/en\/wp-json\/wp\/v2\/pages\/249\/revisions\/1030"}],"wp:attachment":[{"href":"https:\/\/wamssler.de\/en\/wp-json\/wp\/v2\/media?parent=249"}],"curies":[{"name":"wp","href":"https:\/\/api.w.org\/{rel}","templated":true}]}}