{"id":241,"date":"2019-11-27T08:11:18","date_gmt":"2019-11-27T08:11:18","guid":{"rendered":"http:\/\/wamssler.de\/?page_id=241"},"modified":"2023-10-06T09:05:19","modified_gmt":"2023-10-06T09:05:19","slug":"die-kunst","status":"publish","type":"page","link":"https:\/\/wamssler.de\/en\/die-kunst\/","title":{"rendered":"The Art"},"content":{"rendered":"<div data-elementor-type=\"wp-page\" data-elementor-id=\"241\" class=\"elementor elementor-241\">\n\t\t\t\t\t\t<section class=\"elementor-section elementor-top-section elementor-element elementor-element-cf88b4a elementor-section-full_width elementor-section-height-default elementor-section-height-default\" data-id=\"cf88b4a\" data-element_type=\"section\" data-e-type=\"section\">\n\t\t\t\t\t\t<div class=\"elementor-container elementor-column-gap-default\">\n\t\t\t\t\t<div class=\"elementor-column elementor-col-100 elementor-top-column elementor-element elementor-element-1192341\" data-id=\"1192341\" data-element_type=\"column\" data-e-type=\"column\">\n\t\t\t<div class=\"elementor-widget-wrap elementor-element-populated\">\n\t\t\t\t\t\t<div class=\"elementor-element elementor-element-0d33c77 elementor-widget__width-inherit elementor-arrows-position-inside elementor-pagination-position-outside elementor-widget elementor-widget-image-carousel\" data-id=\"0d33c77\" data-element_type=\"widget\" data-e-type=\"widget\" data-settings=\"{&quot;slides_to_show&quot;:&quot;1&quot;,&quot;navigation&quot;:&quot;both&quot;,&quot;autoplay&quot;:&quot;yes&quot;,&quot;pause_on_hover&quot;:&quot;yes&quot;,&quot;pause_on_interaction&quot;:&quot;yes&quot;,&quot;autoplay_speed&quot;:5000,&quot;infinite&quot;:&quot;yes&quot;,&quot;effect&quot;:&quot;slide&quot;,&quot;speed&quot;:500}\" data-widget_type=\"image-carousel.default\">\n\t\t\t\t<div class=\"elementor-widget-container\">\n\t\t\t\t\t\t\t<div class=\"elementor-image-carousel-wrapper swiper\" role=\"region\" aria-roledescription=\"carousel\" aria-label=\"Image Carousel\" dir=\"ltr\">\n\t\t\t<div class=\"elementor-image-carousel swiper-wrapper\" aria-live=\"off\">\n\t\t\t\t\t\t\t\t<div class=\"swiper-slide\" role=\"group\" aria-roledescription=\"slide\" aria-label=\"1 of 3\" data-no-translation-aria-label=\"\"><figure class=\"swiper-slide-inner\"><img decoding=\"async\" class=\"swiper-slide-image\" src=\"https:\/\/wamssler.de\/wp-content\/uploads\/2020\/01\/purple-flower-field-during-sunset-3476312-1-e1578953007826.jpg\" alt=\"Lavender Purple Flower Field with Sunset\" \/><\/figure><\/div><div class=\"swiper-slide\" role=\"group\" aria-roledescription=\"slide\" aria-label=\"2 of 3\" data-no-translation-aria-label=\"\"><figure class=\"swiper-slide-inner\"><img decoding=\"async\" class=\"swiper-slide-image\" src=\"https:\/\/wamssler.de\/wp-content\/uploads\/2020\/01\/bees-pasture-2291125_1225-e1578952346941.jpg\" alt=\"Bees on Truck\" \/><\/figure><\/div><div class=\"swiper-slide\" role=\"group\" aria-roledescription=\"slide\" aria-label=\"3 of 3\" data-no-translation-aria-label=\"\"><figure class=\"swiper-slide-inner\"><img decoding=\"async\" class=\"swiper-slide-image\" src=\"https:\/\/wamssler.de\/wp-content\/uploads\/2020\/01\/bees-on-purple-flower-164470-e1578951349642.jpg\" alt=\"Bees on Purple Lavender\" \/><\/figure><\/div>\t\t\t<\/div>\n\t\t\t\t\t\t\t\t\t\t\t\t<div class=\"elementor-swiper-button elementor-swiper-button-prev\" role=\"button\" tabindex=\"0\">\n\t\t\t\t\t\t<i aria-hidden=\"true\" class=\"eicon-chevron-left\"><\/i>\t\t\t\t\t<\/div>\n\t\t\t\t\t<div class=\"elementor-swiper-button elementor-swiper-button-next\" role=\"button\" tabindex=\"0\">\n\t\t\t\t\t\t<i aria-hidden=\"true\" class=\"eicon-chevron-right\"><\/i>\t\t\t\t\t<\/div>\n\t\t\t\t\n\t\t\t\t\t\t\t\t\t<div class=\"swiper-pagination\"><\/div>\n\t\t\t\t\t\t\t\t\t<\/div>\n\t\t\t\t\t\t<\/div>\n\t\t\t\t<\/div>\n\t\t\t\t\t<\/div>\n\t\t<\/div>\n\t\t\t\t\t<\/div>\n\t\t<\/section>\n\t\t\t\t<section class=\"elementor-section elementor-top-section elementor-element elementor-element-43a9b8a elementor-section-boxed elementor-section-height-default elementor-section-height-default\" data-id=\"43a9b8a\" data-element_type=\"section\" data-e-type=\"section\">\n\t\t\t\t\t\t<div class=\"elementor-container elementor-column-gap-default\">\n\t\t\t\t\t<div class=\"elementor-column elementor-col-100 elementor-top-column elementor-element elementor-element-8ccb602\" data-id=\"8ccb602\" data-element_type=\"column\" data-e-type=\"column\">\n\t\t\t<div class=\"elementor-widget-wrap elementor-element-populated\">\n\t\t\t\t\t\t<div class=\"elementor-element elementor-element-1164066 elementor-widget elementor-widget-heading\" data-id=\"1164066\" data-element_type=\"widget\" data-e-type=\"widget\" data-widget_type=\"heading.default\">\n\t\t\t\t<div class=\"elementor-widget-container\">\n\t\t\t\t\t<h1 class=\"elementor-heading-title elementor-size-default\">The Art of Honey Wine Making is born in blossoming meadows<\/h1>\t\t\t\t<\/div>\n\t\t\t\t<\/div>\n\t\t\t\t\t<\/div>\n\t\t<\/div>\n\t\t\t\t\t<\/div>\n\t\t<\/section>\n\t\t\t\t<section class=\"elementor-section elementor-top-section elementor-element elementor-element-64d8469 elementor-section-boxed elementor-section-height-default elementor-section-height-default\" data-id=\"64d8469\" data-element_type=\"section\" data-e-type=\"section\">\n\t\t\t\t\t\t<div class=\"elementor-container elementor-column-gap-default\">\n\t\t\t\t\t<div class=\"elementor-column elementor-col-50 elementor-top-column elementor-element elementor-element-fb19fdf\" data-id=\"fb19fdf\" data-element_type=\"column\" data-e-type=\"column\">\n\t\t\t<div class=\"elementor-widget-wrap elementor-element-populated\">\n\t\t\t\t\t\t<div class=\"elementor-element elementor-element-29f110a elementor-widget elementor-widget-image\" data-id=\"29f110a\" data-element_type=\"widget\" data-e-type=\"widget\" data-widget_type=\"image.default\">\n\t\t\t\t<div class=\"elementor-widget-container\">\n\t\t\t\t\t\t\t\t\t\t\t\t\t\t\t<img fetchpriority=\"high\" decoding=\"async\" width=\"1920\" height=\"1281\" src=\"https:\/\/wamssler.de\/wp-content\/uploads\/2020\/01\/bees-486871_1920-e1579030016282.jpg\" class=\"attachment-full size-full wp-image-761\" alt=\"Bees on Honey Comb\" srcset=\"https:\/\/wamssler.de\/wp-content\/uploads\/2020\/01\/bees-486871_1920-e1579030016282.jpg 1920w, https:\/\/wamssler.de\/wp-content\/uploads\/2020\/01\/bees-486871_1920-e1579030016282-600x400.jpg 600w, https:\/\/wamssler.de\/wp-content\/uploads\/2020\/01\/bees-486871_1920-e1579030016282-300x200.jpg 300w, https:\/\/wamssler.de\/wp-content\/uploads\/2020\/01\/bees-486871_1920-e1579030016282-1024x683.jpg 1024w, https:\/\/wamssler.de\/wp-content\/uploads\/2020\/01\/bees-486871_1920-e1579030016282-768x512.jpg 768w, https:\/\/wamssler.de\/wp-content\/uploads\/2020\/01\/bees-486871_1920-e1579030016282-1536x1025.jpg 1536w\" sizes=\"(max-width: 1920px) 100vw, 1920px\" \/>\t\t\t\t\t\t\t\t\t\t\t\t\t\t\t<\/div>\n\t\t\t\t<\/div>\n\t\t\t\t\t<\/div>\n\t\t<\/div>\n\t\t\t\t<div class=\"elementor-column elementor-col-50 elementor-top-column elementor-element elementor-element-4137756\" data-id=\"4137756\" data-element_type=\"column\" data-e-type=\"column\">\n\t\t\t<div class=\"elementor-widget-wrap elementor-element-populated\">\n\t\t\t\t\t\t<div class=\"elementor-element elementor-element-b5ae05a elementor-widget elementor-widget-heading\" data-id=\"b5ae05a\" data-element_type=\"widget\" data-e-type=\"widget\" data-widget_type=\"heading.default\">\n\t\t\t\t<div class=\"elementor-widget-container\">\n\t\t\t\t\t<h1 class=\"elementor-heading-title elementor-size-default\">It is continued in the beehives and perfected in the hands of our winemaker who produces honey wine.\nA carefully preserved recipe that has been passed down through generations provides the unique touch of <b><i>Wamssler<\/i><\/b> Honey Wine. This is characterized by an aromatically balanced character, which can be attributed to a unique yeast strain and an excellent selection of honeys for fermentation. <\/h1>\t\t\t\t<\/div>\n\t\t\t\t<\/div>\n\t\t\t\t\t<\/div>\n\t\t<\/div>\n\t\t\t\t\t<\/div>\n\t\t<\/section>\n\t\t\t\t<section class=\"elementor-section elementor-top-section elementor-element elementor-element-a956953 elementor-reverse-mobile elementor-section-boxed elementor-section-height-default elementor-section-height-default\" data-id=\"a956953\" data-element_type=\"section\" data-e-type=\"section\">\n\t\t\t\t\t\t<div class=\"elementor-container elementor-column-gap-default\">\n\t\t\t\t\t<div class=\"elementor-column elementor-col-50 elementor-top-column elementor-element elementor-element-e295c0d\" data-id=\"e295c0d\" data-element_type=\"column\" data-e-type=\"column\">\n\t\t\t<div class=\"elementor-widget-wrap elementor-element-populated\">\n\t\t\t\t\t\t<div class=\"elementor-element elementor-element-912cac4 elementor-widget elementor-widget-heading\" data-id=\"912cac4\" data-element_type=\"widget\" data-e-type=\"widget\" data-widget_type=\"heading.default\">\n\t\t\t\t<div class=\"elementor-widget-container\">\n\t\t\t\t\t<h1 class=\"elementor-heading-title elementor-size-default\"><span style=\"font-family: Philosopher, sans-serif;font-size: 20px;font-style: normal;font-weight: var( --e-global-typography-primary-font-weight );letter-spacing: 0.7px;text-align: left\">Unlike traditional techniques, the original slow fermentation process promises an even conversion <\/span>of qualitative aromas and the taste of delicate ingredients - a honey wine of the best premium quality. To create this distinctive and unique character, the honey wine ferments slowly for almost eight weeks before being stored for at least three more months to mature. This maturation period influences the quality of Wamssler honey wine - crystal clear and with a uniquely fresh bouquet. It impresses with its balanced character and its rich taste is elegantly rounded off with a spicy nuance.<\/h1>\t\t\t\t<\/div>\n\t\t\t\t<\/div>\n\t\t\t\t\t<\/div>\n\t\t<\/div>\n\t\t\t\t<div class=\"elementor-column elementor-col-50 elementor-top-column elementor-element elementor-element-57a4ae1\" data-id=\"57a4ae1\" data-element_type=\"column\" data-e-type=\"column\">\n\t\t\t<div class=\"elementor-widget-wrap elementor-element-populated\">\n\t\t\t\t\t\t<div class=\"elementor-element elementor-element-e565d42 elementor-widget elementor-widget-image\" data-id=\"e565d42\" data-element_type=\"widget\" data-e-type=\"widget\" data-widget_type=\"image.default\">\n\t\t\t\t<div class=\"elementor-widget-container\">\n\t\t\t\t\t\t\t\t\t\t\t\t\t\t\t<img decoding=\"async\" width=\"2048\" height=\"1281\" src=\"https:\/\/wamssler.de\/wp-content\/uploads\/2019\/11\/20151217_152928-scaled-e1574962835978-2048x1281.jpg\" class=\"attachment-2048x2048 size-2048x2048 wp-image-333\" alt=\"Wine Fermentation Tanks\" srcset=\"https:\/\/wamssler.de\/wp-content\/uploads\/2019\/11\/20151217_152928-scaled-e1574962835978-2048x1281.jpg 2048w, https:\/\/wamssler.de\/wp-content\/uploads\/2019\/11\/20151217_152928-scaled-e1574962835978-600x375.jpg 600w, https:\/\/wamssler.de\/wp-content\/uploads\/2019\/11\/20151217_152928-scaled-e1574962835978-300x188.jpg 300w, https:\/\/wamssler.de\/wp-content\/uploads\/2019\/11\/20151217_152928-scaled-e1574962835978-1024x641.jpg 1024w, https:\/\/wamssler.de\/wp-content\/uploads\/2019\/11\/20151217_152928-scaled-e1574962835978-768x480.jpg 768w, https:\/\/wamssler.de\/wp-content\/uploads\/2019\/11\/20151217_152928-scaled-e1574962835978-1536x961.jpg 1536w\" sizes=\"(max-width: 2048px) 100vw, 2048px\" \/>\t\t\t\t\t\t\t\t\t\t\t\t\t\t\t<\/div>\n\t\t\t\t<\/div>\n\t\t\t\t\t<\/div>\n\t\t<\/div>\n\t\t\t\t\t<\/div>\n\t\t<\/section>\n\t\t\t\t<section class=\"elementor-section elementor-top-section elementor-element elementor-element-f8670ef elementor-section-boxed elementor-section-height-default elementor-section-height-default\" data-id=\"f8670ef\" data-element_type=\"section\" data-e-type=\"section\">\n\t\t\t\t\t\t<div class=\"elementor-container elementor-column-gap-wider\">\n\t\t\t\t\t<div class=\"elementor-column elementor-col-25 elementor-top-column elementor-element elementor-element-babf749\" data-id=\"babf749\" data-element_type=\"column\" data-e-type=\"column\">\n\t\t\t<div class=\"elementor-widget-wrap elementor-element-populated\">\n\t\t\t\t\t\t<div class=\"elementor-element elementor-element-3299b8e elementor-align-center elementor-mobile-align-center elementor-widget elementor-widget-button\" data-id=\"3299b8e\" data-element_type=\"widget\" data-e-type=\"widget\" data-widget_type=\"button.default\">\n\t\t\t\t<div class=\"elementor-widget-container\">\n\t\t\t\t\t\t\t\t\t<div class=\"elementor-button-wrapper\">\n\t\t\t\t\t<a class=\"elementor-button elementor-size-md\" role=\"button\">\n\t\t\t\t\t\t<span class=\"elementor-button-content-wrapper\">\n\t\t\t\t\t\t<span class=\"elementor-button-icon\">\n\t\t\t\t\t\t\t<\/span>\n\t\t\t\t\t\t\t\t\t<span class=\"elementor-button-text\">Read also<\/span>\n\t\t\t\t\t<\/span>\n\t\t\t\t\t<\/a>\n\t\t\t\t<\/div>\n\t\t\t\t\t\t\t\t<\/div>\n\t\t\t\t<\/div>\n\t\t\t\t\t<\/div>\n\t\t<\/div>\n\t\t\t\t<div class=\"elementor-column elementor-col-25 elementor-top-column elementor-element elementor-element-fa8196e\" data-id=\"fa8196e\" data-element_type=\"column\" data-e-type=\"column\">\n\t\t\t<div class=\"elementor-widget-wrap elementor-element-populated\">\n\t\t\t\t\t\t<div class=\"elementor-element elementor-element-f1c0087 elementor-position-top elementor-widget elementor-widget-image-box\" data-id=\"f1c0087\" data-element_type=\"widget\" data-e-type=\"widget\" data-widget_type=\"image-box.default\">\n\t\t\t\t<div class=\"elementor-widget-container\">\n\t\t\t\t\t<div class=\"elementor-image-box-wrapper\"><figure class=\"elementor-image-box-img\"><a href=\"http:\/\/wamssler.de\/en\/der-macher\/\" tabindex=\"-1\"><img decoding=\"async\" src=\"https:\/\/wamssler.de\/wp-content\/uploads\/elementor\/thumbs\/Wamssler-Hands-Profile-e1574953263592-qypm2q1a8qpdelkp48b9mt1r5wveoixkkgq7cqw9yw.jpg\" title=\"Winemaker Half Picture\" alt=\"Winemaker Half Picture\" class=\"elementor-animation-grow\" loading=\"lazy\" \/><\/a><\/figure><div class=\"elementor-image-box-content\"><h3 class=\"elementor-image-box-title\"><a href=\"http:\/\/wamssler.de\/en\/der-macher\/\">The Maker<\/a><\/h3><p class=\"elementor-image-box-description\">behind the scenes<\/p><\/div><\/div>\t\t\t\t<\/div>\n\t\t\t\t<\/div>\n\t\t\t\t\t<\/div>\n\t\t<\/div>\n\t\t\t\t<div class=\"elementor-column elementor-col-25 elementor-top-column elementor-element elementor-element-244ac45\" data-id=\"244ac45\" data-element_type=\"column\" data-e-type=\"column\">\n\t\t\t<div class=\"elementor-widget-wrap elementor-element-populated\">\n\t\t\t\t\t\t<div class=\"elementor-element elementor-element-54319b0 elementor-position-top elementor-widget elementor-widget-image-box\" data-id=\"54319b0\" data-element_type=\"widget\" data-e-type=\"widget\" data-widget_type=\"image-box.default\">\n\t\t\t\t<div class=\"elementor-widget-container\">\n\t\t\t\t\t<div class=\"elementor-image-box-wrapper\"><figure class=\"elementor-image-box-img\"><a href=\"http:\/\/wamssler.de\/en\/das-produkt\/\" tabindex=\"-1\"><img decoding=\"async\" src=\"https:\/\/wamssler.de\/wp-content\/uploads\/elementor\/thumbs\/Screen-Shot-2019-11-28-at-14.21.33-e1574953199814-qypm2q1a8qpdelkp48b9mt1r5wveoixkkgq7cqw9yw.jpg\" title=\"Classic &#038; Secco Series\" alt=\"Classic &amp; Secco Series\" class=\"elementor-animation-grow\" loading=\"lazy\" \/><\/a><\/figure><div class=\"elementor-image-box-content\"><h3 class=\"elementor-image-box-title\"><a href=\"http:\/\/wamssler.de\/en\/das-produkt\/\">The Product<\/a><\/h3><\/div><\/div>\t\t\t\t<\/div>\n\t\t\t\t<\/div>\n\t\t\t\t\t<\/div>\n\t\t<\/div>\n\t\t\t\t<div class=\"elementor-column elementor-col-25 elementor-top-column elementor-element elementor-element-9a22abd\" data-id=\"9a22abd\" data-element_type=\"column\" data-e-type=\"column\">\n\t\t\t<div class=\"elementor-widget-wrap elementor-element-populated\">\n\t\t\t\t\t\t<div class=\"elementor-element elementor-element-32030df elementor-position-top elementor-widget elementor-widget-image-box\" data-id=\"32030df\" data-element_type=\"widget\" data-e-type=\"widget\" data-widget_type=\"image-box.default\">\n\t\t\t\t<div class=\"elementor-widget-container\">\n\t\t\t\t\t<div class=\"elementor-image-box-wrapper\"><figure class=\"elementor-image-box-img\"><a href=\"http:\/\/wamssler.de\/en\/den-service\/\" tabindex=\"-1\"><img decoding=\"async\" src=\"https:\/\/wamssler.de\/wp-content\/uploads\/elementor\/thumbs\/Screen-Shot-2019-11-28-at-19.01.27-scaled-e1576458952803-qypm2q1a8qpdelkp48b9mt1r5wveoixkkgq7cqw9yw.jpg\" title=\"Serving Secco Style Wamssler\" alt=\"Serving Secco Style Wamssler\" class=\"elementor-animation-grow\" loading=\"lazy\" \/><\/a><\/figure><div class=\"elementor-image-box-content\"><h3 class=\"elementor-image-box-title\"><a href=\"http:\/\/wamssler.de\/en\/den-service\/\">The Service<\/a><\/h3><p class=\"elementor-image-box-description\">that we offer<\/p><\/div><\/div>\t\t\t\t<\/div>\n\t\t\t\t<\/div>\n\t\t\t\t\t<\/div>\n\t\t<\/div>\n\t\t\t\t\t<\/div>\n\t\t<\/section>\n\t\t\t\t<\/div>","protected":false},"excerpt":{"rendered":"<p>Die Kunst der Honigweinherstellung beginnt stets mit den bl\u00fchenden Wiesen&#8230; &#8230;Sie wird fortgef\u00fchrt in den Bienenst\u00f6cken und vollendet in den H\u00e4nden unseres Weinmachers der Honigweinherstellung. Ein sorgf\u00e4ltig aufbewahrtes Rezept, welches \u00fcber Generationen hinweg weitergegeben wurde, stellt die einzigartige Note von Wamssler Honigwein sicher. Diese zeichnet sich durch einen aromatisch ausgewogenen Charakter aus, der sich auf [&hellip;]<\/p>\n","protected":false},"author":1,"featured_media":0,"parent":0,"menu_order":0,"comment_status":"closed","ping_status":"closed","template":"","meta":{"ocean_post_layout":"full-screen","ocean_both_sidebars_style":"","ocean_both_sidebars_content_width":0,"ocean_both_sidebars_sidebars_width":0,"ocean_sidebar":"0","ocean_second_sidebar":"0","ocean_disable_margins":"enable","ocean_add_body_class":"","ocean_shortcode_before_top_bar":"","ocean_shortcode_after_top_bar":"","ocean_shortcode_before_header":"","ocean_shortcode_after_header":"","ocean_has_shortcode":"","ocean_shortcode_after_title":"","ocean_shortcode_before_footer_widgets":"","ocean_shortcode_after_footer_widgets":"","ocean_shortcode_before_footer_bottom":"","ocean_shortcode_after_footer_bottom":"","ocean_display_top_bar":"default","ocean_display_header":"default","ocean_header_style":"","ocean_center_header_left_menu":"0","ocean_custom_header_template":"0","ocean_custom_logo":0,"ocean_custom_retina_logo":0,"ocean_custom_logo_max_width":0,"ocean_custom_logo_tablet_max_width":0,"ocean_custom_logo_mobile_max_width":0,"ocean_custom_logo_max_height":0,"ocean_custom_logo_tablet_max_height":0,"ocean_custom_logo_mobile_max_height":0,"ocean_header_custom_menu":"0","ocean_menu_typo_font_family":"0","ocean_menu_typo_font_subset":"","ocean_menu_typo_font_size":0,"ocean_menu_typo_font_size_tablet":0,"ocean_menu_typo_font_size_mobile":0,"ocean_menu_typo_font_size_unit":"px","ocean_menu_typo_font_weight":"","ocean_menu_typo_font_weight_tablet":"","ocean_menu_typo_font_weight_mobile":"","ocean_menu_typo_transform":"","ocean_menu_typo_transform_tablet":"","ocean_menu_typo_transform_mobile":"","ocean_menu_typo_line_height":0,"ocean_menu_typo_line_height_tablet":0,"ocean_menu_typo_line_height_mobile":0,"ocean_menu_typo_line_height_unit":"","ocean_menu_typo_spacing":0,"ocean_menu_typo_spacing_tablet":0,"ocean_menu_typo_spacing_mobile":0,"ocean_menu_typo_spacing_unit":"","ocean_menu_link_color":"","ocean_menu_link_color_hover":"","ocean_menu_link_color_active":"","ocean_menu_link_background":"","ocean_menu_link_hover_background":"","ocean_menu_link_active_background":"","ocean_menu_social_links_bg":"","ocean_menu_social_hover_links_bg":"","ocean_menu_social_links_color":"","ocean_menu_social_hover_links_color":"","ocean_disable_title":"on","ocean_disable_heading":"default","ocean_post_title":"","ocean_post_subheading":"","ocean_post_title_style":"","ocean_post_title_background_color":"","ocean_post_title_background":0,"ocean_post_title_bg_image_position":"","ocean_post_title_bg_image_attachment":"","ocean_post_title_bg_image_repeat":"","ocean_post_title_bg_image_size":"","ocean_post_title_height":0,"ocean_post_title_bg_overlay":0.5,"ocean_post_title_bg_overlay_color":"","ocean_disable_breadcrumbs":"default","ocean_breadcrumbs_color":"","ocean_breadcrumbs_separator_color":"","ocean_breadcrumbs_links_color":"","ocean_breadcrumbs_links_hover_color":"","ocean_display_footer_widgets":"default","ocean_display_footer_bottom":"default","ocean_custom_footer_template":"0","footnotes":""},"class_list":["post-241","page","type-page","status-publish","hentry","entry"],"_links":{"self":[{"href":"https:\/\/wamssler.de\/en\/wp-json\/wp\/v2\/pages\/241","targetHints":{"allow":["GET"]}}],"collection":[{"href":"https:\/\/wamssler.de\/en\/wp-json\/wp\/v2\/pages"}],"about":[{"href":"https:\/\/wamssler.de\/en\/wp-json\/wp\/v2\/types\/page"}],"author":[{"embeddable":true,"href":"https:\/\/wamssler.de\/en\/wp-json\/wp\/v2\/users\/1"}],"replies":[{"embeddable":true,"href":"https:\/\/wamssler.de\/en\/wp-json\/wp\/v2\/comments?post=241"}],"version-history":[{"count":111,"href":"https:\/\/wamssler.de\/en\/wp-json\/wp\/v2\/pages\/241\/revisions"}],"predecessor-version":[{"id":1396,"href":"https:\/\/wamssler.de\/en\/wp-json\/wp\/v2\/pages\/241\/revisions\/1396"}],"wp:attachment":[{"href":"https:\/\/wamssler.de\/en\/wp-json\/wp\/v2\/media?parent=241"}],"curies":[{"name":"wp","href":"https:\/\/api.w.org\/{rel}","templated":true}]}}